{"id":674,"date":"2025-09-03T09:45:27","date_gmt":"2025-09-03T09:45:27","guid":{"rendered":"https:\/\/lukaskeller.net\/?page_id=674"},"modified":"2025-09-03T09:54:01","modified_gmt":"2025-09-03T09:54:01","slug":"paedagogische-projekte","status":"publish","type":"page","link":"https:\/\/lukaskeller.net\/?page_id=674","title":{"rendered":"P\u00e4dagogische Projekte"},"content":{"rendered":"\n<p><em><strong>Musik<\/strong><\/em><\/p>\n\n\n\n<p><strong>Z\u00e4mme Zirkus<\/strong><\/p>\n\n\n\n<p>Musikalische Mitarbeit.<\/p>\n\n\n\n<p>Das Projekt \u00abZ\u00e4mme Zirkus\u00bb findet jeweils w\u00e4hrend der Schulherbstferien in Form eines Tageslagers statt. Das Projekt bringt Kinder und Jugendliche mit und ohne Fluchterfahrung aus der Region Basel zusammen. Am Ende der Zirkuswoche findet jeweils eine gemeinsam mit professionellen Artist*innen erarbeitete Auff\u00fchrung f\u00fcr Eltern, Freunde und Geschwister statt. Das Projekt ist durch den direkten Kontakt mit den Familien sowie Lehrkr\u00e4ften und Sozialarbeiter*innen des Migrationszentrums Dreispitz entstanden.<\/p>\n\n\n\n<figure class=\"wp-block-embed\"><div class=\"wp-block-embed__wrapper\">\nhttps:\/\/www.zirkusfahraway.ch\/produktionen\n<\/div><\/figure>\n\n\n\n<p><strong>Fahrwerk \u00f6!, die rollende Theaterwerkstatt<\/strong><\/p>\n\n\n\n<p>\u200bmusikalische Mitarbeit bei Theaterprojekten mit Kindern und Jugendlichen.<\/p>\n\n\n\n<p><a href=\"https:\/\/www.fahrwerk-oe.ch\/\">www.fahrwerk-oe.ch\/<\/a><\/p>\n\n\n\n<p><strong>Musikregie, Theater auf dem Spielplatz am Sch\u00fctzenweg<\/strong><\/p>\n\n\n\n<p>\u200b2014-2022 durfte ich die Musikregie f\u00fcr das Theater auf dem Spielplatz am Sch\u00fctzenweg in Bern machen.&nbsp; Ein Musiktheaterprojekt mit rund 75 Kindern im Alter von 8 bis 15 Jahren. Komposition, Erarbeiten der Songs mit den Kindern der Band und dem Chor(bestehend aus allen Theaterkindern). Wir waren immer zu zweit zust\u00e4ndig f\u00fcr die Musik: Rebecca Primus 2014, Roman Naef 2015\/2022, Kaspar Hensel 2016-2021.<\/p>\n\n\n\n<p><strong>Circolino Pipistrello<\/strong><\/p>\n\n\n\n<p>3 Jahre Circolino Pipistrello 2010-2012. Animationszirkus mit 17 Leuten f\u00fcr 100 Teilnehmer pro Woche. Traktor fahren mit alten Zirkuswagen, Zeltauf-\/abbau, Zirkusband und andere Zirkusdisziplinen leiten, eigene Zirkustheatershow spielen\u2026&nbsp;<\/p>\n\n\n\n<p><a href=\"http:\/\/www.pipistrello.ch\/\">www.pipistrello.ch<\/a><\/p>\n\n\n\n<p><strong>Musikalische Leitung<\/strong>&nbsp;Abschlussgala an der Palottisschule in Schiers mit G\u00fcnther Baldauf. Mit Jugendlichen des Br\u00fcckenangebotes 10.Schuljahr und einer Integrationsklasse&nbsp;<\/p>\n\n\n\n<p><strong>Kulturgutschein Kanton Bern<\/strong>&nbsp;an der Schule Wildermeth in Biel: 8 Lektionen zum Thema \u201emusikalische Wasserexperimente\u201c<\/p>\n\n\n\n<p>\u200b\u200b<\/p>\n\n\n\n<p><em><strong>Holz<\/strong><\/em><\/p>\n\n\n\n<p><strong>Kinderbaustelle<\/strong><\/p>\n\n\n\n<p>Mitarbeit auf der Kinderbaustelle in Biel (betreuter Abenteuer- und Bauspielplatz)<\/p>\n\n\n\n<p><a href=\"http:\/\/www.kinderbaustelle.ch\/\">www.kinderbaustelle.ch<\/a><\/p>\n\n\n\n<p><\/p>\n","protected":false},"excerpt":{"rendered":"<p>Musik Z\u00e4mme Zirkus Musikalische Mitarbeit. Das Projekt \u00abZ\u00e4mme Zirkus\u00bb findet jeweils w\u00e4hrend der Schulherbstferien in Form eines Tageslagers statt. Das Projekt bringt Kinder und Jugendliche mit und ohne Fluchterfahrung aus der Region Basel zusammen. Am Ende der Zirkuswoche findet jeweils eine gemeinsam mit professionellen Artist*innen erarbeitete Auff\u00fchrung f\u00fcr Eltern, Freunde und Geschwister statt. Das Projekt &hellip; <\/p>\n<p class=\"link-more\"><a href=\"https:\/\/lukaskeller.net\/?page_id=674\" class=\"read-more\">Read More<span class=\"screen-reader-text\"> &#8222;P\u00e4dagogische Projekte&#8220;<\/span><\/a><\/p>\n","protected":false},"author":1,"featured_media":0,"parent":0,"menu_order":0,"comment_status":"closed","ping_status":"closed","template":"","meta":{"footnotes":""},"class_list":["post-674","page","type-page","status-publish","hentry"],"aioseo_notices":[],"_links":{"self":[{"href":"https:\/\/lukaskeller.net\/index.php?rest_route=\/wp\/v2\/pages\/674","targetHints":{"allow":["GET"]}}],"collection":[{"href":"https:\/\/lukaskeller.net\/index.php?rest_route=\/wp\/v2\/pages"}],"about":[{"href":"https:\/\/lukaskeller.net\/index.php?rest_route=\/wp\/v2\/types\/page"}],"author":[{"embeddable":true,"href":"https:\/\/lukaskeller.net\/index.php?rest_route=\/wp\/v2\/users\/1"}],"replies":[{"embeddable":true,"href":"https:\/\/lukaskeller.net\/index.php?rest_route=%2Fwp%2Fv2%2Fcomments&post=674"}],"version-history":[{"count":4,"href":"https:\/\/lukaskeller.net\/index.php?rest_route=\/wp\/v2\/pages\/674\/revisions"}],"predecessor-version":[{"id":680,"href":"https:\/\/lukaskeller.net\/index.php?rest_route=\/wp\/v2\/pages\/674\/revisions\/680"}],"wp:attachment":[{"href":"https:\/\/lukaskeller.net\/index.php?rest_route=%2Fwp%2Fv2%2Fmedia&parent=674"}],"curies":[{"name":"wp","href":"https:\/\/api.w.org\/{rel}","templated":true}]}}