{"id":66,"date":"2017-06-29T09:50:05","date_gmt":"2017-06-29T09:50:05","guid":{"rendered":"http:\/\/lukaskeller.net\/?page_id=66"},"modified":"2025-11-23T19:46:02","modified_gmt":"2025-11-23T19:46:02","slug":"musik-projekte","status":"publish","type":"page","link":"https:\/\/lukaskeller.net\/?page_id=66","title":{"rendered":"Musik Projekte"},"content":{"rendered":"<div title=\"Page 3\">\n<div class=\"page\" title=\"Page 3\">\n<div class=\"layoutArea\">\n<div class=\"column\">\n<p><span style=\"font-family: 'courier new', courier, monospace;\"><strong>JIMM the clueless<\/strong><\/span><\/p>\n<p><span style=\"font-family: 'courier new', courier, monospace; font-size: 10pt;\">JIMM the clueless\u00a0are four seasoned musicians based in Biel \/Bienne (CH), blending their years of experience into a unique and dynamic sound. JIMM\u00a0takes the audience on a captivating journey through epic ballads, gritty blues grooves, warm folk vibes, and a touch of jazzy finesse. With clueless charm in their pocket and sharp wit in their arsenal, they set out with a clear destination\u2014without ever knowing exactly where the road will lead. Their sound is raw yet refined, full of storytelling and emotion, inviting listeners to lose themselves in the music and embrace the unexpected.<\/span><\/p>\n<p><span style=\"font-size: 10pt; font-family: 'courier new', courier, monospace;\"> Johannes H\u00e4nggi\u2013 vocals\/git<\/span><br \/>\n<span style=\"font-size: 10pt; font-family: 'courier new', courier, monospace;\"> Mathis Wetzek \u2013 guitar\/background vocals<\/span><br \/>\n<span style=\"font-size: 10pt; font-family: 'courier new', courier, monospace;\"> Ismael Huber \u2013 drums\/background vocals<\/span><br \/>\n<span style=\"font-family: 'courier new', courier, monospace; font-size: 10pt;\"> Lukas Keller \u2013 double bass, keys, background vocals<\/span><\/p>\n<p><span style=\"font-size: 10pt; font-family: 'courier new', courier, monospace;\"><a href=\"https:\/\/open.spotify.com\/artist\/3TAOmACiZV0ClZq4ewD3aQ?si=Q0W3Iu06RY-GWUkM--BSLA\">https:\/\/open.spotify.com\/artist\/3TAOmACiZV0ClZq4ewD3aQ?si=Q0W3Iu06RY-GWUkM&#8211;BSLA<\/a><\/span><\/p>\n<p><a href=\"https:\/\/www.jimmtheclueless.ch\/\"><span style=\"font-family: 'courier new', courier, monospace; font-size: 10pt;\">www.jimmtheclueless.ch<\/span><\/a><\/p>\n<p><strong><span style=\"font-family: 'courier new', courier, monospace;\">FahrAwaY:<\/span><\/strong><span style=\"font-family: 'courier new', courier, monospace;\"> Zirkusspektakel <strong>&#8222;Ballett&#8220;<\/strong><\/span><\/p>\n<p><span style=\"font-family: 'courier new', courier, monospace; font-size: 10pt;\">Ab Februar 2021 &#8211; Tournee mit \u00fcber 150 Vorstellungen<\/span><\/p>\n<p><span style=\"font-size: 10pt; font-family: 'courier new', courier, monospace;\"><a href=\"https:\/\/open.spotify.com\/album\/146rXYyaBP71thFYvA9Igy?si=JFclL_UGQ4iOLkxlwd437w\">https:\/\/open.spotify.com\/album\/146rXYyaBP71thFYvA9Igy?si=JFclL_UGQ4iOLkxlwd437w<\/a><\/span><\/p>\n<p><span style=\"font-family: 'courier new', courier, monospace; font-size: 10pt;\"><a href=\"https:\/\/www.zirkusfahraway.ch\/\">https:\/\/www.zirkusfahraway.ch\/<\/a><\/span><\/p>\n<p><strong><span style=\"font-family: 'courier new', courier, monospace;\">Stille Kracht: <\/span><\/strong><span style=\"font-family: 'courier new', courier, monospace;\">Dinner-Spectacle im Casinotheater Winterthur (seit 2019)<\/span><\/p>\n<p><span style=\"font-family: 'courier new', courier, monospace;\">Performance mit Beni Kobi(2019), mit Eline Gu\u00e9lat (2025) Bandmitglied<\/span><\/p>\n<p><strong><span style=\"font-family: 'courier new', courier, monospace;\">Ballaladum: <\/span><\/strong><span style=\"font-family: 'courier new', courier, monospace;\">m<\/span><span style=\"font-family: 'courier new', courier, monospace;\">usic-dance performance\u00a0<\/span><br \/>\n<span style=\"font-family: 'courier new', courier, monospace; font-size: 10pt;\">Double Bass: Lukas Keller <\/span><br \/>\n<span style=\"font-family: 'courier new', courier, monospace; font-size: 10pt;\"> Dance: Dafni Stefanou <\/span><br \/>\n<span style=\"font-family: 'courier new', courier, monospace; font-size: 10pt;\"> Voice\/Dance: Noemie Wyss <\/span><br \/>\n<span style=\"font-family: 'courier new', courier, monospace; font-size: 10pt;\"> Artistic direction: Dafni Stefanou <\/span><br \/>\n<span style=\"font-family: 'courier new', courier, monospace; font-size: 10pt;\"> Direction assistance: Jonas Kocher <\/span><br \/>\n<span style=\"font-family: 'courier new', courier, monospace; font-size: 10pt;\"> Production: Bruit Association<\/span><\/p>\n<p><a href=\"https:\/\/ballaladum.blogspot.com\/p\/main.html\"><span style=\"font-family: 'courier new', courier, monospace; font-size: 10pt;\">https:\/\/ballaladum.blogspot.com\/p\/main.html<\/span><\/a><\/p>\n<\/div>\n<\/div>\n<\/div>\n<p><span style=\"font-family: 'courier new', courier, monospace;\"><strong>Strassentheater: Potr &#8211; Die Reise<\/strong>, Musik und Schauspiel (2016\/2018)<\/span><\/p>\n<\/div>\n<p><span style=\"font-family: 'courier new', courier, monospace;\">Ein visueller Theatercomix mit viel Musik und in jeder Sprache verst\u00e4ndlich.<\/span><\/p>\n<p><span style=\"font-family: 'courier new', courier, monospace; font-size: 10pt;\">Schauspiel\/Musik: \u00a0<\/span><br \/>\n<span style=\"font-family: 'courier new', courier, monospace; font-size: 10pt;\"> &#8211; Susanna Hug<\/span><br \/>\n<span style=\"font-family: 'courier new', courier, monospace; font-size: 10pt;\"> &#8211; Bernd Somalvico<\/span><br \/>\n<span style=\"font-family: 'courier new', courier, monospace; font-size: 10pt;\"> &#8211; Lukas Keller<\/span><br \/>\n<span style=\"font-family: 'courier new', courier, monospace; font-size: 10pt;\"> Regie: Jost Krauer<\/span><\/p>\n<p><span style=\"font-size: 10pt;\"><a href=\"http:\/\/www.potr.ch\"><span style=\"font-family: 'courier new', courier, monospace;\">www.potr.ch\u00a0<\/span><\/a><\/span><\/p>\n<p><span style=\"font-family: 'courier new', courier, monospace;\"><strong>The Rich Mans Kitchen Orchestra:\u00a0<\/strong>calypso, swing<\/span><\/p>\n<p><span style=\"font-size: 10pt; font-family: 'courier new', courier, monospace;\">Das Orchestra beansprucht viel Platz und serviert gekonnt Calypso und Hokum-Blues in \u00e4usserst tanzbarem Tempo. Bei der Karls K\u00fchne Gassenschau beim Cosimc Animal Microfestival oder Halt auf Verlangen Festival zeigten sie bereits ihre Vielseitigkeit aus einer einsamen B\u00fchne eine musikalische Zirkusmanege zu zaubern. Das Orchestra ist bereit mit Ihrem Karibikschiff bei euch anzudocken.<\/span><\/p>\n<p><span style=\"font-size: 10pt; font-family: 'courier new', courier, monospace;\">Leonie Herlach \u2013 Drums<\/span><br \/>\n<span style=\"font-size: 10pt; font-family: 'courier new', courier, monospace;\"> Silvan Knecht \u2013 Percussion\/Backing Voc<\/span><br \/>\n<span style=\"font-size: 10pt; font-family: 'courier new', courier, monospace;\"> Trix Meier \u2013 Tuba\/Vocals<\/span><br \/>\n<span style=\"font-size: 10pt; font-family: 'courier new', courier, monospace;\"> Reto Amman \u2013 Guitar\/Banjo<\/span><br \/>\n<span style=\"font-size: 10pt; font-family: 'courier new', courier, monospace;\"> Benjamin Kobi \u2013 Piano\/Vocals<\/span><br \/>\n<span style=\"font-size: 10pt; font-family: 'courier new', courier, monospace;\"> Thierry Kuster\u2013 Saxophone\/Flute<\/span><br \/>\n<span style=\"font-size: 10pt; font-family: 'courier new', courier, monospace;\"> Kaspar Hensel \u2013 Trumpet\/Vocals<\/span><br \/>\n<span style=\"font-size: 10pt; font-family: 'courier new', courier, monospace;\"> Caleb Trott \u2013 Saxophone\/Clarinet<\/span><br \/>\n<span style=\"font-family: 'courier new', courier, monospace; font-size: 10pt;\"> Lukas Keller \u2013 Doublebass<\/span><\/p>\n<p class=\"font_8\"><span style=\"font-family: 'courier new', courier, monospace; font-size: 10pt;\"><a href=\"http:\/\/www.richmanskitchenorchestra.ch\">www.richmanskitchenorchestra.ch<\/a><\/span><\/p>\n<p><span style=\"font-family: 'courier new', courier, monospace;\"><strong>Karacan Kombo:\u00a0<\/strong>t\u00fcrkisch, balkan, anatolisch<\/span><\/p>\n<div id=\"PAGES_CONTAINERcenteredContent\" class=\"pc1centeredContent\" data-reactid=\".0.$SITE_ROOT.$desktop_siteRoot.$PAGES_CONTAINER.$centeredContent\">\n<div id=\"PAGES_CONTAINERinlineContent\" class=\"pc1inlineContent\" data-reactid=\".0.$SITE_ROOT.$desktop_siteRoot.$PAGES_CONTAINER.$centeredContent.$inlineContent\">\n<div id=\"SITE_PAGES\" class=\"s_VOwPageGroupSkin\" data-reactid=\".0.$SITE_ROOT.$desktop_siteRoot.$PAGES_CONTAINER.$centeredContent.$inlineContent.$SITE_PAGES\">\n<div id=\"cjg9\" class=\"p3\" data-reactid=\".0.$SITE_ROOT.$desktop_siteRoot.$PAGES_CONTAINER.$centeredContent.$inlineContent.$SITE_PAGES.$cjg9_DESKTOP\">\n<div id=\"cjg9inlineContent\" class=\"p3inlineContent\" data-reactid=\".0.$SITE_ROOT.$desktop_siteRoot.$PAGES_CONTAINER.$centeredContent.$inlineContent.$SITE_PAGES.$cjg9_DESKTOP.$inlineContent\">\n<div id=\"WRchTxt5\" class=\"txtNew\" data-reactid=\".0.$SITE_ROOT.$desktop_siteRoot.$PAGES_CONTAINER.$centeredContent.$inlineContent.$SITE_PAGES.$cjg9_DESKTOP.$inlineContent.$WRchTxt5\">\n<p class=\"font_7\"><span style=\"font-family: 'courier new', courier, monospace;\">Karacan Kombo&#8217;s Konzert-Performance ist eine Symbiose aus traditionellen und modernen Kl\u00e4ngen, Instrumenten und Spielweisen. Die Band entf\u00fchrt die Zuh\u00f6rer mit der Musik Anatoliens, klassischer t\u00fcrkischer Musik und balkanesken Kl\u00e4ngen, in nahe und ferne Welten. Frisch interpretiert werden Lieder aus der T\u00fcrkei und benachbarten Regionen in ihren verschiedenen Rhythmen und Stimmungen. Bereichert wird das Ganze durch Erkl\u00e4rungen und Anekdoten des S\u00e4ngers G\u00fcrkan Karacan.\u200b<\/span><\/p>\n<p class=\"font_7\"><span style=\"font-family: 'courier new', courier, monospace; font-size: 10pt;\">G\u00fcrkan Karacan &#8211; Gesang\/Gitarre\/Baglama\/Erbane<\/span><br \/>\n<span style=\"font-family: 'courier new', courier, monospace; font-size: 10pt;\"> Thierry Kuster &#8211; Sax\/Klarinette<\/span><br \/>\n<span style=\"font-family: 'courier new', courier, monospace; font-size: 10pt;\"> Reto Ammann &#8211; Oud\/Akkordeon<\/span><br \/>\n<span style=\"font-family: 'courier new', courier, monospace; font-size: 10pt;\"> Lukas Keller &#8211; Kontrabass<\/span><br \/>\n<span style=\"font-family: 'courier new', courier, monospace; font-size: 10pt;\"> Fabio Meier &#8211; Schlagzeug\/Perkussion<\/span><\/p>\n<\/div>\n<\/div>\n<\/div>\n<\/div>\n<\/div>\n<\/div>\n<div id=\"SITE_FOOTERscreenWidthBackground\" class=\"fc2screenWidthBackground\" data-reactid=\".0.$SITE_ROOT.$desktop_siteRoot.$SITE_FOOTER.$screenWidthBackground\"><span style=\"font-family: 'courier new', courier, monospace; font-size: 10pt;\"><a href=\"http:\/\/www.karacankombo.com\">www.karacankombo.com<\/a><\/span><\/div>\n<p><span style=\"font-family: 'courier new', courier, monospace;\"><strong>e&#8217;kestrio:\u00a0<\/strong><\/span><\/p>\n<p><span style=\"font-family: 'courier new', courier, monospace; font-size: 10pt;\">Kaspar Hensel \u2013 Trumpete\/Posaune\/Gitarre\/Perkussion\/Vocals<\/span><br \/>\n<span style=\"font-size: 10pt; font-family: 'courier new', courier, monospace;\">Daria Weyeneth \u2013 Saxophone\/Akkordeon\/Perkussion\/Vocals\u00a0<\/span><br \/>\n<span style=\"font-size: 10pt; font-family: 'courier new', courier, monospace;\">Lukas Keller \u2013 Kontrabass\/Akkordeon\/Gitarre\/Perkussion\/Vocals<\/span><\/p>\n<p><span style=\"font-family: 'courier new', courier, monospace;\">Drei Menschen, neun Instrumente: da fehlen im Schnitt ein arm rund zehn Finger und mindestens ein Mund; folglich macht e&#8217;kestrio abwechslungsreiche Musik. Beim Wechseln von Instrumenten f\u00e4ngt das an und geht nahtlos \u00fcber in Stil-Wechsel und -Mischungen. Mit sehns\u00fcchtigen Melodien werden Geschichten erz\u00e4hlt, die auf den verschlungensten Pfaden gereist sein k\u00f6nnten: im Balkan irgendwo oder in den Amerikas, auf einer karibischen Insel&#8230; e&#8217;kestrio macht Musik &#8211; wie f\u00fcr f\u00fcnf, aber zu dritt &#8211; da fehlt nix, da geht man gerne ein St\u00fcck mit.<\/span><\/p>\n<p><span style=\"font-family: 'courier new', courier, monospace;\"><strong>Jean-Gaul-Tier Trio:<\/strong> swing, italpop, calypso<\/span><\/p>\n<p class=\"font_8\"><span style=\"font-size: 10pt; font-family: 'courier new', courier, monospace;\">Benjamin Kobi \u2013 Piano\/Vocals<\/span><br \/>\n<span style=\"font-size: 10pt; font-family: 'courier new', courier, monospace;\"> Thierry Kuster\u2013 Saxophone\/Flute<\/span><br \/>\n<span style=\"font-family: 'courier new', courier, monospace; font-size: 10pt;\"> Lukas Keller \u2013\u00a0Kontrabass<\/span><\/p>\n<p><span style=\"font-family: 'courier new', courier, monospace; font-size: 10pt;\"><a href=\"https:\/\/www.youtube.com\/watch?v=LOTbMMXWxnQ\">https:\/\/www.youtube.com\/<\/a><\/span><\/p>\n<p><span style=\"font-family: 'courier new', courier, monospace;\"><strong>Pocket Anzambel:<\/strong> swing, calypso, balkan<\/span><br \/>\n<span style=\"font-size: 10pt; font-family: 'courier new', courier, monospace;\">Reto Amman \u2013 Perkussion\/Akkordeon<\/span><br \/>\n<span style=\"font-size: 10pt; font-family: 'courier new', courier, monospace;\"> Benjamin Kobi \u2013 Ukulele\/Vocals\/Perkussion<\/span><br \/>\n<span style=\"font-size: 10pt; font-family: 'courier new', courier, monospace;\"> Caleb Trott \u2013 Saxophone\/Clarinet<\/span><br \/>\n<span style=\"font-family: 'courier new', courier, monospace; font-size: 10pt;\"> Lukas Keller \u2013\u00a0Kontrabass<\/span><\/p>\n<p><span style=\"font-family: 'courier new', courier, monospace;\"><strong>Tripping Kitchman Trio:\u00a0<\/strong>calypso, blues, loop, trip<\/span><\/p>\n<p><span style=\"font-family: 'courier new', courier, monospace;\">zwischen geloopter Improvisation und akustischem Calypso. Dazwischen gibts viel unerwartetes, aber auch absehbarer Blues&#8230;<\/span><br \/>\n<span style=\"font-family: 'courier new', courier, monospace; font-size: 10pt;\">Kaspar Hensel \u2013 Trumpet\/Vocals<\/span><br \/>\n<span style=\"font-size: 10pt; font-family: 'courier new', courier, monospace;\">Caleb Trott \u2013 Saxophone\/Clarinet<\/span><br \/>\n<span style=\"font-size: 10pt; font-family: 'courier new', courier, monospace;\">Lukas Keller \u2013\u00a0Kontrabass<\/span><\/p>\n<!--[if lt IE 9]><script>document.createElement('audio');<\/script><![endif]-->\n<audio class=\"wp-audio-shortcode\" id=\"audio-66-1\" preload=\"none\" style=\"width: 100%;\" controls=\"controls\"><source type=\"audio\/mpeg\" src=\"https:\/\/lukaskeller.net\/wp-content\/uploads\/trip_page.mp3?_=1\" \/><a href=\"https:\/\/lukaskeller.net\/wp-content\/uploads\/trip_page.mp3\">https:\/\/lukaskeller.net\/wp-content\/uploads\/trip_page.mp3<\/a><\/audio>\n<audio class=\"wp-audio-shortcode\" id=\"audio-66-2\" preload=\"none\" style=\"width: 100%;\" controls=\"controls\"><source type=\"audio\/mpeg\" src=\"https:\/\/lukaskeller.net\/wp-content\/uploads\/trip2.mp3?_=2\" \/><a href=\"https:\/\/lukaskeller.net\/wp-content\/uploads\/trip2.mp3\">https:\/\/lukaskeller.net\/wp-content\/uploads\/trip2.mp3<\/a><\/audio>\n<p class=\"font_8\"><span style=\"font-family: 'courier new', courier, monospace;\"><strong>Musik f\u00fcr Figurentheater Lupine:<\/strong> \u201eNour\u201c<\/span><\/p>\n<p class=\"font_8\"><span style=\"font-size: 10pt;\"><a href=\"http:\/\/www.figurentheaterlupine.ch\"><span style=\"font-family: 'courier new', courier, monospace;\">www.figurentheaterlupine.ch<\/span><\/a><\/span><\/p>\n<audio class=\"wp-audio-shortcode\" id=\"audio-66-3\" preload=\"none\" style=\"width: 100%;\" controls=\"controls\"><source type=\"audio\/mpeg\" src=\"https:\/\/lukaskeller.net\/wp-content\/uploads\/nour_page.mp3?_=3\" \/><a href=\"https:\/\/lukaskeller.net\/wp-content\/uploads\/nour_page.mp3\">https:\/\/lukaskeller.net\/wp-content\/uploads\/nour_page.mp3<\/a><\/audio>\n","protected":false},"excerpt":{"rendered":"<p>JIMM the clueless JIMM the clueless\u00a0are four seasoned musicians based in Biel \/Bienne (CH), blending their years of experience into a unique and dynamic sound. JIMM\u00a0takes the audience on a captivating journey through epic ballads, gritty blues grooves, warm folk vibes, and a touch of jazzy finesse. With clueless charm in their pocket and sharp &hellip; <\/p>\n<p class=\"link-more\"><a href=\"https:\/\/lukaskeller.net\/?page_id=66\" class=\"read-more\">Read More<span class=\"screen-reader-text\"> &#8222;Musik Projekte&#8220;<\/span><\/a><\/p>\n","protected":false},"author":1,"featured_media":0,"parent":0,"menu_order":0,"comment_status":"closed","ping_status":"closed","template":"","meta":{"footnotes":""},"class_list":["post-66","page","type-page","status-publish","hentry"],"aioseo_notices":[],"_links":{"self":[{"href":"https:\/\/lukaskeller.net\/index.php?rest_route=\/wp\/v2\/pages\/66","targetHints":{"allow":["GET"]}}],"collection":[{"href":"https:\/\/lukaskeller.net\/index.php?rest_route=\/wp\/v2\/pages"}],"about":[{"href":"https:\/\/lukaskeller.net\/index.php?rest_route=\/wp\/v2\/types\/page"}],"author":[{"embeddable":true,"href":"https:\/\/lukaskeller.net\/index.php?rest_route=\/wp\/v2\/users\/1"}],"replies":[{"embeddable":true,"href":"https:\/\/lukaskeller.net\/index.php?rest_route=%2Fwp%2Fv2%2Fcomments&post=66"}],"version-history":[{"count":57,"href":"https:\/\/lukaskeller.net\/index.php?rest_route=\/wp\/v2\/pages\/66\/revisions"}],"predecessor-version":[{"id":691,"href":"https:\/\/lukaskeller.net\/index.php?rest_route=\/wp\/v2\/pages\/66\/revisions\/691"}],"wp:attachment":[{"href":"https:\/\/lukaskeller.net\/index.php?rest_route=%2Fwp%2Fv2%2Fmedia&parent=66"}],"curies":[{"name":"wp","href":"https:\/\/api.w.org\/{rel}","templated":true}]}}